{"id":58,"date":"2021-12-24T12:25:35","date_gmt":"2021-12-24T11:25:35","guid":{"rendered":"http:\/\/soudinox95.fr\/index.php\/home\/"},"modified":"2022-02-01T23:02:22","modified_gmt":"2022-02-01T22:02:22","slug":"home","status":"publish","type":"page","link":"https:\/\/soudinox95.fr\/","title":{"rendered":"ACCUEIL"},"content":{"rendered":"\n<p class=\"has-large-font-size\">Bienvenue sur le site de la SASU Soudinox 95<\/p>\n\n\n\n<p class=\"has-medium-font-size\">Soci\u00e9t\u00e9 sp\u00e9cialis\u00e9e dans la soudure industrielle utilisant le proc\u00e9d\u00e9 TIG (Tungsten Inert Gas)<\/p>\n\n\n\n<p class=\"has-medium-font-size\">La soci\u00e9t\u00e9 Soudinox 95 vous accueille dans son atelier situ\u00e9 dans le Parc d\u2019Activit\u00e9 du Vert Galant \u00e0 Saint Ouen l\u2019Aumone (95) du lundi au vendredi de 9h00 \u00e0 18h00.<\/p>\n\n\n\n<p class=\"has-medium-font-size\"><\/p>\n\n\n\n<p class=\"has-medium-font-size\">La soci\u00e9t\u00e9 effectue de la soudure haute pr\u00e9cision. Elle assemble, r\u00e9pare tous les types de m\u00e9taux :<\/p>\n\n\n\n<ul class=\"has-medium-font-size\"><li>INOX<\/li><li>aluminium<\/li><li>Inconel<\/li><li>Monel 400<\/li><li>Cupronickel <\/li><li>Inox r\u00e9fractaire<\/li><li>Carbone&#8230;<\/li><\/ul>\n\n\n\n<p class=\"has-medium-font-size\">Nous intervenons dans diff\u00e9rents domaines :<\/p>\n\n\n\n<ul class=\"has-medium-font-size\"><li>A\u00c9RONAUTIQUE<\/li><li>AGROALIMENTAIRE<\/li><li>G\u00c9NIE CLIMATIQUE<\/li><li>INDUSTRIE PHARMACEUTIQUE \u2026<\/li><\/ul>\n\n\n\n<hr class=\"wp-block-separator\"\/>\n\n\n\n<p class=\"has-normal-font-size\"><strong>Nous effectuons principalement :<\/strong><\/p>\n\n\n\n<ul class=\"has-medium-font-size\"><li>ASSEMBLAGE DE M\u00c9TAUX<\/li><li>R\u00c9PARATION<\/li><li>MAINTENANCE<\/li><\/ul>\n\n\n\n<p class=\"has-medium-font-size\">Fabrication de pi\u00e8ces m\u00e9talliques sur plan de toute taille et de toute \u00e9paisseur.<\/p>\n\n\n\n<p><\/p>\n\n\n\n<p class=\"has-secondary-background-color has-background has-normal-font-size\">Nous proposons un ensemble de prestations : Structures m\u00e9cano-soud\u00e9s, d\u00e9coupe laser, usinage, pliages, peinture epoxy\u2026Installation de circuits haute pression\u2026<\/p>\n\n\n\n<p><\/p>\n\n\n\n<p class=\"has-medium-font-size\"><\/p>\n\n\n\n<p class=\"has-normal-font-size\"><strong>Nos points forts :<\/strong><\/p>\n\n\n\n<ul id=\"block-550229b4-1021-4428-9bcc-fb25efe8f33b\" class=\"has-normal-font-size\"><li><strong>Dext\u00e9rit\u00e9<\/strong><\/li><li><strong>Qualit\u00e9<\/strong><\/li><li><strong>R\u00e9activit\u00e9<\/strong><\/li><li><strong>Savoir-faire<\/strong><\/li><\/ul>\n\n\n\n<p><\/p>\n\n\n\n<p><\/p>\n\n\n\n<p class=\"has-white-color has-secondary-background-color has-text-color has-background has-normal-font-size\"><strong>Accompagnement, pr\u00e9conisations dans la r\u00e9alisation de tous vos projets&#8230;<\/strong><\/p>\n\n\n\n<p><\/p>\n\n\n\n<p>Nous travaillons en atelier et pouvons intervenir sur toute l\u2019Ile de France<\/p>\n\n\n\n<p>#soudure #inox #assemblage <\/p>\n\n\n\n<figure class=\"wp-block-image size-full\"><img loading=\"lazy\" width=\"1024\" height=\"768\" src=\"http:\/\/soudinox95.fr\/wp-content\/uploads\/2022\/01\/IMG-20220130-WA0066.jpg\" alt=\"\" class=\"wp-image-111\" srcset=\"https:\/\/soudinox95.fr\/wp-content\/uploads\/2022\/01\/IMG-20220130-WA0066.jpg 1024w, https:\/\/soudinox95.fr\/wp-content\/uploads\/2022\/01\/IMG-20220130-WA0066-300x225.jpg 300w, https:\/\/soudinox95.fr\/wp-content\/uploads\/2022\/01\/IMG-20220130-WA0066-768x576.jpg 768w\" sizes=\"(max-width: 1024px) 100vw, 1024px\" \/><\/figure>\n","protected":false},"excerpt":{"rendered":"<p>Bienvenue sur le site de la SASU Soudinox 95 Soci\u00e9t\u00e9 sp\u00e9cialis\u00e9e dans la soudure industrielle utilisant le proc\u00e9d\u00e9 TIG (Tungsten Inert Gas) La soci\u00e9t\u00e9 Soudinox 95 vous accueille dans son atelier situ\u00e9 dans le Parc d\u2019Activit\u00e9 du Vert Galant \u00e0 Saint Ouen l\u2019Aumone (95) du lundi au vendredi de 9h00 \u00e0 18h00. La soci\u00e9t\u00e9 effectue [&hellip;]<\/p>\n","protected":false},"author":1,"featured_media":78,"parent":0,"menu_order":0,"comment_status":"closed","ping_status":"closed","template":"","meta":[],"_links":{"self":[{"href":"https:\/\/soudinox95.fr\/index.php\/wp-json\/wp\/v2\/pages\/58"}],"collection":[{"href":"https:\/\/soudinox95.fr\/index.php\/wp-json\/wp\/v2\/pages"}],"about":[{"href":"https:\/\/soudinox95.fr\/index.php\/wp-json\/wp\/v2\/types\/page"}],"author":[{"embeddable":true,"href":"https:\/\/soudinox95.fr\/index.php\/wp-json\/wp\/v2\/users\/1"}],"replies":[{"embeddable":true,"href":"https:\/\/soudinox95.fr\/index.php\/wp-json\/wp\/v2\/comments?post=58"}],"version-history":[{"count":16,"href":"https:\/\/soudinox95.fr\/index.php\/wp-json\/wp\/v2\/pages\/58\/revisions"}],"predecessor-version":[{"id":186,"href":"https:\/\/soudinox95.fr\/index.php\/wp-json\/wp\/v2\/pages\/58\/revisions\/186"}],"wp:featuredmedia":[{"embeddable":true,"href":"https:\/\/soudinox95.fr\/index.php\/wp-json\/wp\/v2\/media\/78"}],"wp:attachment":[{"href":"https:\/\/soudinox95.fr\/index.php\/wp-json\/wp\/v2\/media?parent=58"}],"curies":[{"name":"wp","href":"https:\/\/api.w.org\/{rel}","templated":true}]}}